{"id":274,"date":"2017-06-27T21:40:19","date_gmt":"2017-06-27T19:40:19","guid":{"rendered":"http:\/\/localhost\/wordpress\/?page_id=274"},"modified":"2020-02-01T16:18:56","modified_gmt":"2020-02-01T16:18:56","slug":"home","status":"publish","type":"page","link":"http:\/\/katharinaweishaupt.de\/","title":{"rendered":"Home"},"content":{"rendered":"<div id='gallery-1' class='gallery galleryid-274 gallery-columns-3 gallery-size-thumbnail'><figure class='gallery-item'>\n\t\t\t<div class='gallery-icon landscape'>\n\t\t\t\t<a href='http:\/\/katharinaweishaupt.de\/wp-content\/uploads\/2017\/06\/schutz05.jpg'><img width=\"150\" height=\"150\" src=\"http:\/\/katharinaweishaupt.de\/wp-content\/uploads\/2017\/06\/schutz05-150x150.jpg\" class=\"attachment-thumbnail size-thumbnail\" alt=\"\" decoding=\"async\" loading=\"lazy\" itemprop=\"image\" \/><\/a>\n\t\t\t<\/div><\/figure><figure class='gallery-item'>\n\t\t\t<div class='gallery-icon landscape'>\n\t\t\t\t<a href='http:\/\/katharinaweishaupt.de\/wp-content\/uploads\/2017\/06\/und03.jpg'><img width=\"150\" height=\"150\" src=\"http:\/\/katharinaweishaupt.de\/wp-content\/uploads\/2017\/06\/und03-150x150.jpg\" class=\"attachment-thumbnail size-thumbnail\" alt=\"\" decoding=\"async\" loading=\"lazy\" itemprop=\"image\" \/><\/a>\n\t\t\t<\/div><\/figure><figure class='gallery-item'>\n\t\t\t<div class='gallery-icon landscape'>\n\t\t\t\t<a href='http:\/\/katharinaweishaupt.de\/wp-content\/uploads\/2018\/08\/9Q7B3711.jpg'><img width=\"150\" height=\"150\" src=\"http:\/\/katharinaweishaupt.de\/wp-content\/uploads\/2018\/08\/9Q7B3711-150x150.jpg\" class=\"attachment-thumbnail size-thumbnail\" alt=\"\" decoding=\"async\" loading=\"lazy\" itemprop=\"image\" \/><\/a>\n\t\t\t<\/div><\/figure>\n\t\t<\/div>\n\n\n\n<p><\/p>\n\n\n\n<h5 class=\"has-text-align-center wp-block-heading\"><strong>*Aktuelles &#8211; Die n\u00e4chsten Veranstaltungen*\u00a0\u00a0 <\/strong><\/h5>\n\n\n\n<h6 class=\"wp-block-heading\"><strong>EXPEDITION INKLUSION<\/strong> <\/h6>\n\n\n\n<p class=\"has-medium-font-size\"><em>\u00d6ffentliches Werkstattgespr\u00e4ch zum\nAbschluss der inklusiven Workshop-Reihe am Schauspiel K\u00f6ln!&nbsp;<\/em> <\/p>\n\n\n\n<p class=\"has-medium-font-size\">Mittwoch, 04.03.2020 11:00 Uhr im Foyer DEPOT, Schauspiel K\u00f6ln <a href=\"https:\/\/www.bretterundlicht.de\/veranstaltungen\/\">https:\/\/www.bretterundlicht.de\/veranstaltungen\/<\/a><\/p>\n\n\n\n<hr class=\"wp-block-separator\"\/>\n\n\n\n<h6 class=\"wp-block-heading\"><strong>LERNT EUCH KENNEN: Speed Dating\nSCHAUSPIEL<\/strong>\n<\/h6>\n\n\n\n<p class=\"has-medium-font-size\"><em>Wir suchen\nNachwuchs-Schauspieler*innen und Dozenten*innen!<\/em> <\/p>\n\n\n\n<p class=\"has-medium-font-size\">Montag,\n16.03.2020, 15:00 &#8211; 18:00 Uhr im KKT. K\u00f6lner K\u00fcnstler Theater, K\u00f6ln-Ehrenfeld <a href=\"https:\/\/www.bretterundlicht.de\/veranstaltungen\/\">https:\/\/www.bretterundlicht.de\/veranstaltungen\/<\/a><\/p>\n","protected":false},"excerpt":{"rendered":"<p>*Aktuelles &#8211; Die n\u00e4chsten Veranstaltungen*\u00a0\u00a0 EXPEDITION INKLUSION \u00d6ffentliches Werkstattgespr\u00e4ch zum Abschluss der inklusiven Workshop-Reihe am Schauspiel K\u00f6ln!&nbsp; Mittwoch, 04.03.2020 11:00 Uhr im Foyer DEPOT, Schauspiel K\u00f6ln https:\/\/www.bretterundlicht.de\/veranstaltungen\/ LERNT EUCH KENNEN: Speed Dating SCHAUSPIEL Wir suchen Nachwuchs-Schauspieler*innen und Dozenten*innen! Montag, 16.03.2020, 15:00 &#8211; 18:00 Uhr im KKT. K\u00f6lner K\u00fcnstler Theater, K\u00f6ln-Ehrenfeld https:\/\/www.bretterundlicht.de\/veranstaltungen\/<\/p>\n","protected":false},"author":1,"featured_media":0,"parent":0,"menu_order":0,"comment_status":"closed","ping_status":"closed","template":"","meta":[],"_links":{"self":[{"href":"http:\/\/katharinaweishaupt.de\/index.php?rest_route=\/wp\/v2\/pages\/274"}],"collection":[{"href":"http:\/\/katharinaweishaupt.de\/index.php?rest_route=\/wp\/v2\/pages"}],"about":[{"href":"http:\/\/katharinaweishaupt.de\/index.php?rest_route=\/wp\/v2\/types\/page"}],"author":[{"embeddable":true,"href":"http:\/\/katharinaweishaupt.de\/index.php?rest_route=\/wp\/v2\/users\/1"}],"replies":[{"embeddable":true,"href":"http:\/\/katharinaweishaupt.de\/index.php?rest_route=%2Fwp%2Fv2%2Fcomments&post=274"}],"version-history":[{"count":25,"href":"http:\/\/katharinaweishaupt.de\/index.php?rest_route=\/wp\/v2\/pages\/274\/revisions"}],"predecessor-version":[{"id":800,"href":"http:\/\/katharinaweishaupt.de\/index.php?rest_route=\/wp\/v2\/pages\/274\/revisions\/800"}],"wp:attachment":[{"href":"http:\/\/katharinaweishaupt.de\/index.php?rest_route=%2Fwp%2Fv2%2Fmedia&parent=274"}],"curies":[{"name":"wp","href":"https:\/\/api.w.org\/{rel}","templated":true}]}}