{"id":250,"date":"2017-06-27T21:19:06","date_gmt":"2017-06-27T19:19:06","guid":{"rendered":"http:\/\/localhost\/wordpress\/?page_id=250"},"modified":"2019-01-31T15:08:13","modified_gmt":"2019-01-31T15:08:13","slug":"kontakt","status":"publish","type":"page","link":"http:\/\/katharinaweishaupt.de\/?page_id=250","title":{"rendered":"Kontakt"},"content":{"rendered":"<p><img decoding=\"async\" loading=\"lazy\" class=\"alignnone wp-image-630 size-medium\" src=\"http:\/\/katharinaweishaupt.de\/wp-content\/uploads\/2019\/01\/IMG_3410-200x300.jpg\" alt=\"\" width=\"200\" height=\"300\" srcset=\"http:\/\/katharinaweishaupt.de\/wp-content\/uploads\/2019\/01\/IMG_3410-200x300.jpg 200w, http:\/\/katharinaweishaupt.de\/wp-content\/uploads\/2019\/01\/IMG_3410.jpg 400w\" sizes=\"(max-width: 200px) 100vw, 200px\" \/>\u00a9 Claudia Balsters<\/p>\n<p style=\"text-align: left;\">Katharina Weishaupt<\/p>\n<p style=\"text-align: left;\">Regie-Studium an der Folkwang-Universit\u00e4t der K\u00fcnste Essen. Inszenierungen am D\u00fcsseldorfer Schauspielhaus und Theater Aachen. Freie Arbeiten in Frankfurt\/Main und D\u00fcsseldorf. Seit 2013 schreibt und realisiert sie Konzepte f\u00fcr Inklusives Theater in NRW. Mitbegr\u00fcnderin des Theater-Kollektivs <a href=\"http:\/\/katharinaweishaupt.de\/?page_id=245\"><strong>Band of Gold Productions<\/strong><\/a><em>,<\/em> mit dem sie b\u00fchnenuntypische Orte innerhalb D\u00fcsseldorfs bespielt, wie z.B. das D\u00fcsseldorfer Landgericht.<\/p>\n<p style=\"text-align: left;\"><a href=\"mailto:info@katharinaweishaupt.de\">info@katharinaweishaupt.de<\/a><\/p>\n","protected":false},"excerpt":{"rendered":"<p>\u00a9 Claudia Balsters Katharina Weishaupt Regie-Studium an der Folkwang-Universit\u00e4t der K\u00fcnste Essen. Inszenierungen am D\u00fcsseldorfer Schauspielhaus und Theater Aachen. Freie Arbeiten in Frankfurt\/Main und D\u00fcsseldorf. Seit 2013 schreibt und realisiert sie Konzepte f\u00fcr Inklusives Theater in NRW. Mitbegr\u00fcnderin des Theater-Kollektivs Band of Gold Productions, mit dem sie b\u00fchnenuntypische Orte innerhalb D\u00fcsseldorfs bespielt, wie z.B. das&hellip;<\/p>\n","protected":false},"author":1,"featured_media":0,"parent":0,"menu_order":0,"comment_status":"closed","ping_status":"closed","template":"","meta":[],"_links":{"self":[{"href":"http:\/\/katharinaweishaupt.de\/index.php?rest_route=\/wp\/v2\/pages\/250"}],"collection":[{"href":"http:\/\/katharinaweishaupt.de\/index.php?rest_route=\/wp\/v2\/pages"}],"about":[{"href":"http:\/\/katharinaweishaupt.de\/index.php?rest_route=\/wp\/v2\/types\/page"}],"author":[{"embeddable":true,"href":"http:\/\/katharinaweishaupt.de\/index.php?rest_route=\/wp\/v2\/users\/1"}],"replies":[{"embeddable":true,"href":"http:\/\/katharinaweishaupt.de\/index.php?rest_route=%2Fwp%2Fv2%2Fcomments&post=250"}],"version-history":[{"count":7,"href":"http:\/\/katharinaweishaupt.de\/index.php?rest_route=\/wp\/v2\/pages\/250\/revisions"}],"predecessor-version":[{"id":701,"href":"http:\/\/katharinaweishaupt.de\/index.php?rest_route=\/wp\/v2\/pages\/250\/revisions\/701"}],"wp:attachment":[{"href":"http:\/\/katharinaweishaupt.de\/index.php?rest_route=%2Fwp%2Fv2%2Fmedia&parent=250"}],"curies":[{"name":"wp","href":"https:\/\/api.w.org\/{rel}","templated":true}]}}